{"id":53,"date":"2016-07-28T10:00:11","date_gmt":"2016-07-28T10:00:11","guid":{"rendered":"https:\/\/madracergarageclub.com\/?page_id=53"},"modified":"2025-02-17T15:23:29","modified_gmt":"2025-02-17T15:23:29","slug":"home","status":"publish","type":"page","link":"https:\/\/madracergarageclub.com\/de\/","title":{"rendered":"Home"},"content":{"rendered":"<p><section class=\"fw-main-row  ds section_padding_top_110 section_padding_bottom_110 columns_padding_15 columns_margin_bottom_10\" >\n\t<div class=\"container\">\n\t\t<div class=\"row\">\n\t\t\t<div class=\"col-xs-12 col-md-7 block-style1\" >\n\t\n\t<h3 class=\"text-right section_header\">\n\t<span class=\"regular text-uppercase\">\n\t\t\u00bfPor qu\u00e9 \t<\/span>\n\t<\/h3>\n\t<h2 class=\"text-right section_header\">\n\t<span class=\"medium text-uppercase\">\n\t\tMadRacer Garage Club?\t<\/span>\n\t<\/h2><h3 style=\"text-align: left; background-color: #262626;\">En nuestro<strong>\u00a0garaje para veh\u00edculos cl\u00e1sicos<\/strong>\u00a0<strong>y deportivos<\/strong>\u00a0tu bien m\u00e1s preciado\u00a0<strong>estar\u00e1 en las mejores manos<\/strong> posibles.<\/h3><p><span style=\"color: #ffffff;\">Nos ocuparemos de que cada d\u00eda brille como si estuviera reci\u00e9n salido del concesionario. Sabemos lo importante que es tu coche o moto para ti, por eso lo cuidaremos como si fuera nuestro.<\/span><\/p><a href=\"https:\/\/madracergarageclub.com\/wp-content\/uploads\/2020\/04\/garaje-vehiculo-clasico-madrid-17.jpg\" target=\"_self\" ><img loading=\"lazy\" decoding=\"async\" src=\"https:\/\/madracergarageclub.com\/wp-content\/uploads\/2020\/04\/garaje-vehiculo-clasico-madrid-17-650x350.jpg\" alt=\"https:\/\/madracergarageclub.com\/wp-content\/uploads\/2020\/04\/garaje-vehiculo-clasico-madrid-17-650x350.jpg\" width=\"650\" height=\"350\" \/><\/a><a href=\"https:\/\/madracergarageclub.com\/wp-content\/uploads\/2020\/04\/garaje-vehiculo-clasico-madrid-2.jpg\" target=\"_self\" ><img loading=\"lazy\" decoding=\"async\" src=\"https:\/\/madracergarageclub.com\/wp-content\/uploads\/2020\/04\/garaje-vehiculo-clasico-madrid-2-650x350.jpg\" alt=\"https:\/\/madracergarageclub.com\/wp-content\/uploads\/2020\/04\/garaje-vehiculo-clasico-madrid-2-650x350.jpg\" width=\"650\" height=\"350\" \/><\/a><\/div>\n<div class=\"col-xs-12 col-md-5 block-style2\" >\n\t\t\t<div class=\"teaser media\">\n\t\t\t\t\t\t\t<div class=\"media-left\">\n\t\t\t\t\t<div class=\"teaser_icon size_default main_bg_color\">\n                        \t\t\t\t\t\t    <i class=\"fa fa-lock\"><\/i>\n                        \t\t\t\t\t<\/div>\n\t\t\t\t<\/div>\n\t\t\t\t\t\t<div class=\"media-body toppadding_9\">\n\t\t\t\t\t\t\t\t<h4 class=\"media-heading bottommargin_20 text-uppercase\">\n\t\t\t\t\n\t\t\t\t\tCustodia de tu coche o moto\n\t\t\t\t\t\t\t\t<\/h4>\n\t\t\t\t\t\t\t\t\t<p>\n\t\t\t\t\tAl igual que para ti, lo m\u00e1s importante para MadRacer es la seguridad de tu veh\u00edculo. Tendr\u00e1s tu plaza fija para coche o moto y adem\u00e1s, contamos con un sistema cerrado de videovigilancia las 24 horas, con aviso a la polic\u00eda, extinci\u00f3n de incendios, control de humedad.\t\t\t\t<\/p>\n\t\t\t\t\t\t\t\t<\/div><!-- eof .media-body -->\n\t\t<\/div><!-- eof .teaser -->\n\t\t\n        <div class=\"fw-divider-space\" style=\"padding-top: 10px;\"><\/div>\t\t<div class=\"teaser media\">\n\t\t\t\t\t\t\t<div class=\"media-left\">\n\t\t\t\t\t<div class=\"teaser_icon size_default main_bg_color\">\n                        \t\t\t\t\t\t    <i class=\"fa fa-cogs\"><\/i>\n                        \t\t\t\t\t<\/div>\n\t\t\t\t<\/div>\n\t\t\t\t\t\t<div class=\"media-body toppadding_9\">\n\t\t\t\t\t\t\t\t<h4 class=\"media-heading bottommargin_20 text-uppercase\">\n\t\t\t\t\n\t\t\t\t\tCuidado de veh\u00edculo cl\u00e1sico\n\t\t\t\t\t\t\t\t<\/h4>\n\t\t\t\t\t\t\t\t\t<p>\n\t\t\t\t\tOfrecemos todo tipo de servicios orientados al veh\u00edculo cl\u00e1sico: Mantenimiento bater\u00eda, revisi\u00f3n niveles, presi\u00f3n neum\u00e1ticos, arranque peri\u00f3dico, circulaci\u00f3n, lavado, limpieza interior y tapicer\u00eda, detailing, y tambi\u00e9n servicios de mec\u00e1nica e incluso preparaci\u00f3n de competici\u00f3n a trav\u00e9s de nuestros talleres asociados.\t\t\t\t<\/p>\n\t\t\t\t\t\t\t\t<\/div><!-- eof .media-body -->\n\t\t<\/div><!-- eof .teaser -->\n\t\t\n        <div class=\"fw-divider-space\" style=\"padding-top: 10px;\"><\/div>\t\t<div class=\"teaser media\">\n\t\t\t\t\t\t\t<div class=\"media-left\">\n\t\t\t\t\t<div class=\"teaser_icon size_default main_bg_color\">\n                        \t\t\t\t\t\t    <i class=\"fa fa-signing\"><\/i>\n                        \t\t\t\t\t<\/div>\n\t\t\t\t<\/div>\n\t\t\t\t\t\t<div class=\"media-body toppadding_9\">\n\t\t\t\t\t\t\t\t<h4 class=\"media-heading bottommargin_20 text-uppercase\">\n\t\t\t\t\n\t\t\t\t\tLa comunidad del motor\n\t\t\t\t\t\t\t\t<\/h4>\n\t\t\t\t\t\t\t\t\t<p>\n\t\t\t\t\tMadRacer es mucho m\u00e1s que un garaje para veh\u00edculo cl\u00e1sico y deportivo. Es un espacio donde se respira pasi\u00f3n por el motor y todas las personas que lo forman comparten las mismas aficiones que t\u00fa. No existe un lugar que cuente con todas las ventajas que tiene MadRacer\t\t\t\t<\/p>\n\t\t\t\t\t\t\t\t<\/div><!-- eof .media-body -->\n\t\t<\/div><!-- eof .teaser -->\n\t\t\n        <div class=\"fw-divider-space\" style=\"padding-top: 10px;\"><\/div>\t\t<div class=\"teaser media\">\n\t\t\t\t\t\t\t<div class=\"media-left\">\n\t\t\t\t\t<div class=\"teaser_icon size_default main_bg_color\">\n                        \t\t\t\t\t\t    <i class=\"fa fa-automobile\"><\/i>\n                        \t\t\t\t\t<\/div>\n\t\t\t\t<\/div>\n\t\t\t\t\t\t<div class=\"media-body toppadding_9\">\n\t\t\t\t\t\t\t\t<h4 class=\"media-heading bottommargin_20 text-uppercase\">\n\t\t\t\t\n\t\t\t\t\tExposici\u00f3n de veh\u00edculo cl\u00e1sico\n\t\t\t\t\t\t\t\t<\/h4>\n\t\t\t\t\t\t\t\t\t<p>\n\t\t\t\t\tComo no pod\u00eda ser de otra forma, MadRacer es un espacio donde exponer tu veh\u00edculo cl\u00e1sico para que todos los socios y visitantes puedan verlo. Adem\u00e1s, tambi\u00e9n favorece la compra venta de veh\u00edculo cl\u00e1sico, puesto que es el mejor escaparate posible durante todo el a\u00f1o.\t\t\t\t<\/p>\n\t\t\t\t\t\t\t\t<\/div><!-- eof .media-body -->\n\t\t<\/div><!-- eof .teaser -->\n\t\t\n        <div class=\"fw-divider-space\" style=\"padding-top: 10px;\"><\/div>\t\t<div class=\"teaser media\">\n\t\t\t\t\t\t\t<div class=\"media-left\">\n\t\t\t\t\t<div class=\"teaser_icon size_default main_bg_color\">\n                        \t\t\t\t\t\t    <i class=\"fa fa-child\"><\/i>\n                        \t\t\t\t\t<\/div>\n\t\t\t\t<\/div>\n\t\t\t\t\t\t<div class=\"media-body toppadding_9\">\n\t\t\t\t\t\t\t\t<h4 class=\"media-heading bottommargin_20 text-uppercase\">\n\t\t\t\t\n\t\t\t\t\tMucho m\u00e1s que un garaje\n\t\t\t\t\t\t\t\t<\/h4>\n\t\t\t\t\t\t\t\t\t<p>\n\t\t\t\t\tSomos mucho m\u00e1s que un garaje y que un club, un lugar donde hacer realidad tus sue\u00f1os y pasiones relaccionadas con el mundo del motor. Desde planear participaciones en rutas, carreras y eventos, preparar y poner a punto tus veh\u00edculos, hasta hacer de este lugar un punto de encuentro donde disfrutar con amigos con las mismas aficiones. Disfruta en nuestro sal\u00f3n o en el simulador. Te ofrecemos un sinf\u00edn de entretenimientos enfocados a los amantes del motor.\t\t\t\t<\/p>\n\t\t\t\t\t\t\t\t<\/div><!-- eof .media-body -->\n\t\t<\/div><!-- eof .teaser -->\n\t\t<\/div>\n\t\t<\/div>\n\t<\/div>\n<\/section>\n<section class=\"fw-main-row  ds ms section_padding_top_100 section_padding_bottom_75 columns_padding_15 columns_margin_bottom_10 parallax background_cover\" style=\"&quot;background-image:url(https:\/\/madracergarageclub.com\/wp-content\/uploads\/2017\/04\/ferrari-1210824.jpg);&quot;\">\n\t<div class=\"container\">\n\t\t<div class=\"row\">\n\t\t\t<div class=\"col-xs-12\" >\n\t        <span class=\"heading-ornament text-center\"><\/span>\n\t<h2 class=\"text-center section_header  heading-first\">\n\t<span class=\"light text-uppercase\">\n\t\tPasi\u00f3n por el motor\t<\/span>\n\t<\/h2>\n        <div class=\"fw-divider-space\" style=\"padding-top: 62px;\"><\/div>        <div class=\"fw-testimonials fw-testimonials-1\">\n\t\t\t\n            <div class=\"fw-testimonials-list owl-carousel\"\n                 data-loop=\"true\"\n                 data-margin=\"55\"\n                 data-nav=\"false\"\n                 data-dots=\"false\"\n                 data-items=\"3\"\n                 data-autoplay=\"1\"\n                 data-speed=\"5000000\"\n                 data-responsive-xs=\"1\"\n                 data-responsive-sm=\"1\"\n                 data-responsive-md=\"3\"\n                 data-responsive-lg=\"3\">\n\t\t\t\t                    <div class=\"fw-testimonials-item blockquote-item\">\n                        <div class=\"fw-testimonials-avatar symbol\">                        <\/div>\n                        <div class=\"fw-testimonials-text\">\n                            <p>\u201cEl secreto de las carreras radica en frenar un segundo despu\u00e9s de lo que indica el sentido com\u00fan y acelerar un segundo antes de lo que impera la l\u00f3gica\u201d<\/p>\n                        <\/div>\n                        <div class=\"fw-testimonials-meta\">\n                            <div class=\"fw-testimonials-author\">\n                                <a href=\"\"\n                                   class=\"author-name\">Walter R\u00f6hrl<\/a>\n                                <em>Bicampe\u00f3n de Rallyes<\/em>\n                            <\/div>\n                        <\/div>\n                    <\/div>\n\t\t\t\t                    <div class=\"fw-testimonials-item blockquote-item\">\n                        <div class=\"fw-testimonials-avatar symbol\">                        <\/div>\n                        <div class=\"fw-testimonials-text\">\n                            <p>\u201cLos pedales est\u00e1n para pisarlos a fondo. Si quitas el pie del acelerador es para apurar una frenada y si sueltas el pie del freno es para volver a dar gas al m\u00e1ximo\u201d<\/p>\n                        <\/div>\n                        <div class=\"fw-testimonials-meta\">\n                            <div class=\"fw-testimonials-author\">\n                                <a href=\"\"\n                                   class=\"author-name\">Carlos Sainz<\/a>\n                                <em>Campe\u00f3n Mundial de Rallys y del Dakar<\/em>\n                            <\/div>\n                        <\/div>\n                    <\/div>\n\t\t\t\t                    <div class=\"fw-testimonials-item blockquote-item\">\n                        <div class=\"fw-testimonials-avatar symbol\">                        <\/div>\n                        <div class=\"fw-testimonials-text\">\n                            <p>\u201cSi todo parece bajo control, es que no vas suficientemente r\u00e1pido\u201d<\/p>\n                        <\/div>\n                        <div class=\"fw-testimonials-meta\">\n                            <div class=\"fw-testimonials-author\">\n                                <a href=\"\"\n                                   class=\"author-name\">Gilles Villeneuve<\/a>\n                                <em>Piloto de F1<\/em>\n                            <\/div>\n                        <\/div>\n                    <\/div>\n\t\t\t\t                    <div class=\"fw-testimonials-item blockquote-item\">\n                        <div class=\"fw-testimonials-avatar symbol\">                        <\/div>\n                        <div class=\"fw-testimonials-text\">\n                            <p>\u201cNo hay curva en la que sea imposible adelantar. S\u00f3lo es cuesti\u00f3n de decidir cu\u00e1l es el mejor momento para hacerlo\u201d<\/p>\n                        <\/div>\n                        <div class=\"fw-testimonials-meta\">\n                            <div class=\"fw-testimonials-author\">\n                                <a href=\"\"\n                                   class=\"author-name\">Ayrton Senna<\/a>\n                                <em>Campe\u00f3n de F1<\/em>\n                            <\/div>\n                        <\/div>\n                    <\/div>\n\t\t\t\t                    <div class=\"fw-testimonials-item blockquote-item\">\n                        <div class=\"fw-testimonials-avatar symbol\">                        <\/div>\n                        <div class=\"fw-testimonials-text\">\n                            <p>&quot;M\u00e1s potencia te hace m\u00e1s r\u00e1pido en las rectas, menos peso te hace m\u00e1s r\u00e1pido en todos los sitios&quot;<\/p>\n                        <\/div>\n                        <div class=\"fw-testimonials-meta\">\n                            <div class=\"fw-testimonials-author\">\n                                <a href=\"\"\n                                   class=\"author-name\">Colin Chapman<\/a>\n                                <em>Fundador de Lotus<\/em>\n                            <\/div>\n                        <\/div>\n                    <\/div>\n\t\t\t\t                    <div class=\"fw-testimonials-item blockquote-item\">\n                        <div class=\"fw-testimonials-avatar symbol\">                        <\/div>\n                        <div class=\"fw-testimonials-text\">\n                            <p>&quot;Correr es vida. Todo lo que ocurre antes o despu\u00e9s es solo la espera&quot;<\/p>\n                        <\/div>\n                        <div class=\"fw-testimonials-meta\">\n                            <div class=\"fw-testimonials-author\">\n                                <a href=\"\"\n                                   class=\"author-name\">Steve McQueen<\/a>\n                                <em>Actor y piloto aficionado<\/em>\n                            <\/div>\n                        <\/div>\n                    <\/div>\n\t\t\t\t                    <div class=\"fw-testimonials-item blockquote-item\">\n                        <div class=\"fw-testimonials-avatar symbol\">                        <\/div>\n                        <div class=\"fw-testimonials-text\">\n                            <p>&quot; S\u00f3lo freno cuando veo imposible el paso a fondo &quot;<\/p>\n                        <\/div>\n                        <div class=\"fw-testimonials-meta\">\n                            <div class=\"fw-testimonials-author\">\n                                <a href=\"\"\n                                   class=\"author-name\">Jean Ragnotti<\/a>\n                                <em>Piloto de Rallyes<\/em>\n                            <\/div>\n                        <\/div>\n                    <\/div>\n\t\t\t\t                    <div class=\"fw-testimonials-item blockquote-item\">\n                        <div class=\"fw-testimonials-avatar symbol\">                        <\/div>\n                        <div class=\"fw-testimonials-text\">\n                            <p>&quot;En Finlandia solo puedes ser tres cosas: granjero, borracho o piloto de rallyes, y yo conozco a varios que son las tres cosas&quot;<\/p>\n                        <\/div>\n                        <div class=\"fw-testimonials-meta\">\n                            <div class=\"fw-testimonials-author\">\n                                <a href=\"\"\n                                   class=\"author-name\">Markku Alen<\/a>\n                                <em>Campe\u00f3n de Rallyes<\/em>\n                            <\/div>\n                        <\/div>\n                    <\/div>\n\t\t\t\t                    <div class=\"fw-testimonials-item blockquote-item\">\n                        <div class=\"fw-testimonials-avatar symbol\">                        <\/div>\n                        <div class=\"fw-testimonials-text\">\n                            <p>&quot;Lo importante no es llegar a la F\u00f3rmula 1, sino dar el cien por cien y disfrutar&quot;<\/p>\n                        <\/div>\n                        <div class=\"fw-testimonials-meta\">\n                            <div class=\"fw-testimonials-author\">\n                                <a href=\"\"\n                                   class=\"author-name\">Pedro Mart\u00ednez de la Rosa<\/a>\n                                <em>Piloto de F1<\/em>\n                            <\/div>\n                        <\/div>\n                    <\/div>\n\t\t\t\t            <\/div>\n        <\/div>\n\t\t<\/div>\n\t\t<\/div>\n\t<\/div>\n<\/section>\n<section class=\"fw-main-row  ds section_padding_top_100 section_padding_bottom_90 columns_padding_15 columns_margin_bottom_10\" >\n\t<div class=\"container\">\n\t\t<div class=\"row\">\n\t\t\t<div class=\"col-xs-12\" >\n\t\n        <div class=\"fw-divider-space\" style=\"padding-top: 4px;\"><\/div>        <span class=\"heading-ornament text-center\"><\/span>\n\t<h2 class=\"text-center section_header  heading-first\">\n\t<span class=\"light text-uppercase\">\n\t\tSiempre cerca del veh\u00edculo cl\u00e1sico y de competici\u00f3n\t<\/span>\n\t<\/h2>\n        <div class=\"fw-divider-space\" style=\"padding-top: 49px;\"><\/div><div class=\"video-wrapper shortcode-container\">\n\t<iframe loading=\"lazy\" title=\"Jarama Classic 2017\" width=\"1080\" height=\"608\" src=\"https:\/\/www.youtube.com\/embed\/aYJuUeloqEs?feature=oembed\" frameborder=\"0\" allow=\"accelerometer; autoplay; clipboard-write; encrypted-media; gyroscope; picture-in-picture; web-share\" referrerpolicy=\"strict-origin-when-cross-origin\" allowfullscreen><\/iframe><\/div>\n<\/div>\n\t\t<\/div>\n\t<\/div>\n<\/section>\n<\/p>","protected":false},"excerpt":{"rendered":"<p>\u00bfPor qu\u00e9 MadRacer Garage Club? En nuestro\u00a0garaje para veh\u00edculos cl\u00e1sicos\u00a0y deportivos\u00a0tu bien m\u00e1s preciado\u00a0estar\u00e1 en las mejores manos posibles.Nos ocuparemos de que cada d\u00eda brille como si estuviera reci\u00e9n salido del concesionario. Sabemos lo importante que es tu coche o moto para ti, por eso lo cuidaremos como si fuera nuestro. Custodia de tu coche [&hellip;]<\/p>\n","protected":false},"author":1,"featured_media":0,"parent":0,"menu_order":0,"comment_status":"closed","ping_status":"closed","template":"page-templates\/full-width.php","meta":{"footnotes":""},"class_list":["post-53","page","type-page","status-publish","hentry"],"yoast_head":"<!-- This site is optimized with the Yoast SEO plugin v27.2 - https:\/\/yoast.com\/product\/yoast-seo-wordpress\/ -->\n<title>Garaje de vehiculo clasico - MadRacer - Madrid<\/title>\n<meta name=\"description\" content=\"El mejor garaje de veh\u00edculo cl\u00e1sico en Madrid es Madracer. Aqu\u00ed podr\u00e1s guardar tu veh\u00edculo cl\u00e1sico o de competici\u00f3n y vivir tranquilo.\" \/>\n<meta name=\"robots\" content=\"index, follow, max-snippet:-1, max-image-preview:large, max-video-preview:-1\" \/>\n<link rel=\"canonical\" href=\"https:\/\/madracergarageclub.com\/de\/\" \/>\n<meta property=\"og:locale\" content=\"de_DE\" \/>\n<meta property=\"og:type\" content=\"article\" \/>\n<meta property=\"og:title\" content=\"Garaje de vehiculo clasico - MadRacer - Madrid\" \/>\n<meta property=\"og:description\" content=\"El mejor garaje de veh\u00edculo cl\u00e1sico en Madrid es Madracer. Aqu\u00ed podr\u00e1s guardar tu veh\u00edculo cl\u00e1sico o de competici\u00f3n y vivir tranquilo.\" \/>\n<meta property=\"og:url\" content=\"https:\/\/madracergarageclub.com\/de\/\" \/>\n<meta property=\"og:site_name\" content=\"MadRacer\" \/>\n<meta property=\"article:modified_time\" content=\"2025-02-17T15:23:29+00:00\" \/>\n<meta property=\"og:image\" content=\"https:\/\/madracergarageclub.com\/wp-content\/uploads\/2020\/04\/garaje-vehiculo-clasico-madrid-17-650x350.jpg\" \/>\n<meta name=\"twitter:card\" content=\"summary_large_image\" \/>\n<meta name=\"twitter:label1\" content=\"Est. reading time\" \/>\n\t<meta name=\"twitter:data1\" content=\"5 minutes\" \/>\n<script type=\"application\/ld+json\" class=\"yoast-schema-graph\">{\"@context\":\"https:\/\/schema.org\",\"@graph\":[{\"@type\":\"WebPage\",\"@id\":\"https:\/\/madracergarageclub.com\/\",\"url\":\"https:\/\/madracergarageclub.com\/\",\"name\":\"Garaje de vehiculo clasico - MadRacer - Madrid\",\"isPartOf\":{\"@id\":\"https:\/\/madracergarageclub.com\/#website\"},\"primaryImageOfPage\":{\"@id\":\"https:\/\/madracergarageclub.com\/#primaryimage\"},\"image\":{\"@id\":\"https:\/\/madracergarageclub.com\/#primaryimage\"},\"thumbnailUrl\":\"https:\/\/madracergarageclub.com\/wp-content\/uploads\/2020\/04\/garaje-vehiculo-clasico-madrid-17-650x350.jpg\",\"datePublished\":\"2016-07-28T10:00:11+00:00\",\"dateModified\":\"2025-02-17T15:23:29+00:00\",\"description\":\"El mejor garaje de veh\u00edculo cl\u00e1sico en Madrid es Madracer. Aqu\u00ed podr\u00e1s guardar tu veh\u00edculo cl\u00e1sico o de competici\u00f3n y vivir tranquilo.\",\"breadcrumb\":{\"@id\":\"https:\/\/madracergarageclub.com\/#breadcrumb\"},\"inLanguage\":\"de-DE\",\"potentialAction\":[{\"@type\":\"ReadAction\",\"target\":[\"https:\/\/madracergarageclub.com\/\"]}]},{\"@type\":\"ImageObject\",\"inLanguage\":\"de-DE\",\"@id\":\"https:\/\/madracergarageclub.com\/#primaryimage\",\"url\":\"https:\/\/madracergarageclub.com\/wp-content\/uploads\/2020\/04\/garaje-vehiculo-clasico-madrid-17-650x350.jpg\",\"contentUrl\":\"https:\/\/madracergarageclub.com\/wp-content\/uploads\/2020\/04\/garaje-vehiculo-clasico-madrid-17-650x350.jpg\"},{\"@type\":\"BreadcrumbList\",\"@id\":\"https:\/\/madracergarageclub.com\/#breadcrumb\",\"itemListElement\":[{\"@type\":\"ListItem\",\"position\":1,\"name\":\"Portada\",\"item\":\"https:\/\/madracergarageclub.com\/\"},{\"@type\":\"ListItem\",\"position\":2,\"name\":\"Home\"}]},{\"@type\":\"WebSite\",\"@id\":\"https:\/\/madracergarageclub.com\/#website\",\"url\":\"https:\/\/madracergarageclub.com\/\",\"name\":\"MadRacer\",\"description\":\"\",\"potentialAction\":[{\"@type\":\"SearchAction\",\"target\":{\"@type\":\"EntryPoint\",\"urlTemplate\":\"https:\/\/madracergarageclub.com\/?s={search_term_string}\"},\"query-input\":{\"@type\":\"PropertyValueSpecification\",\"valueRequired\":true,\"valueName\":\"search_term_string\"}}],\"inLanguage\":\"de-DE\"}]}<\/script>\n<!-- \/ Yoast SEO plugin. -->","yoast_head_json":{"title":"Garaje de vehiculo clasico - MadRacer - Madrid","description":"El mejor garaje de veh\u00edculo cl\u00e1sico en Madrid es Madracer. Aqu\u00ed podr\u00e1s guardar tu veh\u00edculo cl\u00e1sico o de competici\u00f3n y vivir tranquilo.","robots":{"index":"index","follow":"follow","max-snippet":"max-snippet:-1","max-image-preview":"max-image-preview:large","max-video-preview":"max-video-preview:-1"},"canonical":"https:\/\/madracergarageclub.com\/de\/","og_locale":"de_DE","og_type":"article","og_title":"Garaje de vehiculo clasico - MadRacer - Madrid","og_description":"El mejor garaje de veh\u00edculo cl\u00e1sico en Madrid es Madracer. Aqu\u00ed podr\u00e1s guardar tu veh\u00edculo cl\u00e1sico o de competici\u00f3n y vivir tranquilo.","og_url":"https:\/\/madracergarageclub.com\/de\/","og_site_name":"MadRacer","article_modified_time":"2025-02-17T15:23:29+00:00","og_image":[{"url":"https:\/\/madracergarageclub.com\/wp-content\/uploads\/2020\/04\/garaje-vehiculo-clasico-madrid-17-650x350.jpg","type":"","width":"","height":""}],"twitter_card":"summary_large_image","twitter_misc":{"Est. reading time":"5 minutes"},"schema":{"@context":"https:\/\/schema.org","@graph":[{"@type":"WebPage","@id":"https:\/\/madracergarageclub.com\/","url":"https:\/\/madracergarageclub.com\/","name":"Garaje de vehiculo clasico - MadRacer - Madrid","isPartOf":{"@id":"https:\/\/madracergarageclub.com\/#website"},"primaryImageOfPage":{"@id":"https:\/\/madracergarageclub.com\/#primaryimage"},"image":{"@id":"https:\/\/madracergarageclub.com\/#primaryimage"},"thumbnailUrl":"https:\/\/madracergarageclub.com\/wp-content\/uploads\/2020\/04\/garaje-vehiculo-clasico-madrid-17-650x350.jpg","datePublished":"2016-07-28T10:00:11+00:00","dateModified":"2025-02-17T15:23:29+00:00","description":"El mejor garaje de veh\u00edculo cl\u00e1sico en Madrid es Madracer. Aqu\u00ed podr\u00e1s guardar tu veh\u00edculo cl\u00e1sico o de competici\u00f3n y vivir tranquilo.","breadcrumb":{"@id":"https:\/\/madracergarageclub.com\/#breadcrumb"},"inLanguage":"de-DE","potentialAction":[{"@type":"ReadAction","target":["https:\/\/madracergarageclub.com\/"]}]},{"@type":"ImageObject","inLanguage":"de-DE","@id":"https:\/\/madracergarageclub.com\/#primaryimage","url":"https:\/\/madracergarageclub.com\/wp-content\/uploads\/2020\/04\/garaje-vehiculo-clasico-madrid-17-650x350.jpg","contentUrl":"https:\/\/madracergarageclub.com\/wp-content\/uploads\/2020\/04\/garaje-vehiculo-clasico-madrid-17-650x350.jpg"},{"@type":"BreadcrumbList","@id":"https:\/\/madracergarageclub.com\/#breadcrumb","itemListElement":[{"@type":"ListItem","position":1,"name":"Portada","item":"https:\/\/madracergarageclub.com\/"},{"@type":"ListItem","position":2,"name":"Home"}]},{"@type":"WebSite","@id":"https:\/\/madracergarageclub.com\/#website","url":"https:\/\/madracergarageclub.com\/","name":"MadRacer","description":"","potentialAction":[{"@type":"SearchAction","target":{"@type":"EntryPoint","urlTemplate":"https:\/\/madracergarageclub.com\/?s={search_term_string}"},"query-input":{"@type":"PropertyValueSpecification","valueRequired":true,"valueName":"search_term_string"}}],"inLanguage":"de-DE"}]}},"_links":{"self":[{"href":"https:\/\/madracergarageclub.com\/de\/wp-json\/wp\/v2\/pages\/53","targetHints":{"allow":["GET"]}}],"collection":[{"href":"https:\/\/madracergarageclub.com\/de\/wp-json\/wp\/v2\/pages"}],"about":[{"href":"https:\/\/madracergarageclub.com\/de\/wp-json\/wp\/v2\/types\/page"}],"author":[{"embeddable":true,"href":"https:\/\/madracergarageclub.com\/de\/wp-json\/wp\/v2\/users\/1"}],"replies":[{"embeddable":true,"href":"https:\/\/madracergarageclub.com\/de\/wp-json\/wp\/v2\/comments?post=53"}],"version-history":[{"count":35,"href":"https:\/\/madracergarageclub.com\/de\/wp-json\/wp\/v2\/pages\/53\/revisions"}],"predecessor-version":[{"id":3172,"href":"https:\/\/madracergarageclub.com\/de\/wp-json\/wp\/v2\/pages\/53\/revisions\/3172"}],"wp:attachment":[{"href":"https:\/\/madracergarageclub.com\/de\/wp-json\/wp\/v2\/media?parent=53"}],"curies":[{"name":"wp","href":"https:\/\/api.w.org\/{rel}","templated":true}]}}